{"id":1198,"date":"2011-05-16T13:08:48","date_gmt":"2011-05-16T11:08:48","guid":{"rendered":"http:\/\/10.10.10.90\/maledetto_toscano\/?page_id=2"},"modified":"2022-01-13T11:07:18","modified_gmt":"2022-01-13T10:07:18","slug":"pagina-di-esempio-2","status":"publish","type":"page","link":"http:\/\/www.maledettotoscano.com\/?page_id=1198","title":{"rendered":"La Storia"},"content":{"rendered":"<p><a href=\"http:\/\/www.maledettotoscano.com\/wp-content\/uploads\/2011\/05\/dante_.jpg\"><img decoding=\"async\" loading=\"lazy\" class=\"size-full wp-image-976 alignleft\" src=\"http:\/\/www.maledettotoscano.com\/wp-content\/uploads\/2011\/05\/dante_.jpg\" alt=\"\" width=\"236\" height=\"242\" srcset=\"http:\/\/www.maledettotoscano.com\/wp-content\/uploads\/2011\/05\/dante_.jpg 236w, http:\/\/www.maledettotoscano.com\/wp-content\/uploads\/2011\/05\/dante_-55x55.jpg 55w\" sizes=\"(max-width: 236px) 100vw, 236px\" \/><\/a>Intorno alla fine degli anni &#8217;80 un gruppo di amici ha cominciato ad apprezzare il sigaro decidendo di sviluppare in maniera adeguata questa loro passione: il loro sogno era poter integrare il sigaro in un contesto territoriale e culturale, insomma ancorarlo saldamente alle proprie radici per far si che la fumata di un buon prodotto non fosse fine a se stessa, ma strumento per poter ottimizzare la buona compagnia, una forma indiretta di selezione; valorizzare la buona cucina e come tradizione nella storia del sigaro, ricercare i migliori abbinamenti enogastronomici, letteratura, pittura e tutte le varie forme dell&#8217;arte per esaltare i nostri momenti meditativi di buon sigaro. Ma questo non bastava ancora: c&#8217;era in qualche modo il bisogno di ufficializzare questo tipo di legame. Nati come esclusivi fumatori ed estimatori di sigaro, tenaci oppositori del fumo compulsivo della sigaretta, abbiamo fin dall&#8217; inizio voluto dare il giusto collocamento a questa passione, consapevoli certo che non si tratta di prodotti farmaceutici ma che il sigaro pu\u00f2 avere benefici effetti sulla distensione, promuovere la buona compagnia, ridurre lo stress, migliorare insomma la qualit\u00e0 della vita; volevamo infine utilizzarla come grimaldello per accedere a progetti culturali sempre pi\u00f9 ambiziosi.<\/p>\n<p>Attraverso riunioni conviviali, deliziose cene e splendide serate abbiamo maturato la volont\u00e0 di creare il nostro club. Finalmente nel settembre del 1999, coniando il nostro motto &#8220;Slow Smoke&#8221; per evidenziare il potere meditativo del nostro fumare, abbiamo inaugurato ufficialmente a Pienza, con una stupenda serata, il <strong>nostro club Maledetto Toscano<\/strong>, ottenendo un indubbio successo di pubblico e critica: la stampa e i media hanno dato risalto all&#8217;evento ma quello che pi\u00f9 ci ha riempito di gioia \u00e8 stata la risposta entusiasta di amici e appassionati.<\/p>\n<p>La peculiarit\u00e0 del nostro club risiede nella ricerca continua della qualit\u00e0 a prescindere dalla provenienza del prodotto: rispettiamo il gusto di tutti, ognuno fuma ci\u00f2 che vuole, ognuno si stila la propria personale classifica; noi cerchiamo obiettivamente di proporre tutti i migliori prodotti del panorama Mondiale. Abbiamo pi\u00f9 volte organizzato serate con i leggendari Avana, i superbi caraibici, ritenendoci per\u00f2, senza falsa modestia, insuperabili conoscitori del nostro amatissimo Toscano, veri pionieri della sua riscoperta. Crediamo sinceramente nella grande potenzialit\u00e0 di questo nostro prodotto: \u00e8 fatto certo per fumatori &#8220;forti&#8221; ma \u00e8 generoso, sempre diverso nella forma e, come ha sentenziato un celebre scrittore, <em>&#8220;non tradisce mai&#8221;.<\/em><\/p>\n<p>E&#8217; un manufatto di cui il nostro paese pu\u00f2 andare giustamente orgoglioso, un prodotto che noi vogliamo preservare alla stregua di tanti altri nostri prodotti enogastronomici. Il nostro entusiasmo dopo l&#8217;incontro con il Kentucky ha messo le ali ai piedi a vecchi progetti che coltivavamo da tempo: una nostra pubblicazione interamente dedicata alla storia, ai metodi di coltivazione del Kentucky e alla manifattura del sigaro Toscano; una storia scritta con affetto da Aroldo Marconi e Francesco Testa, un tributo ad un cos\u00ec importante &#8220;personaggio&#8221; della nostra terra; <em>&#8220;IL TOSCANO guida completa al sigaro Italiano&#8221;<\/em>, edito Giunti, divenuto in breve tempo vera pietra miliare per gli appassionati, premiato dal riconoscimento del pubblico, giunto alla seconda edizione e tradotto in lingua inglese. Abbiamo collaborato con Alinari alla stesura del magnifico volume <em>&#8220;TOSCANO, passione in fumo&#8221;<\/em>, con testi di Roberto Fanticelli e Aroldo Marconi. Parlando proprio delle nostre radici e della nostra storia, non potevamo non pensare ad una associazione fra il Toscano e il &#8220;Toscano&#8221; per antonomasia: il divino poeta, uno che di maledetti se ne intendeva davvero. Il richiamo al nostro logo \u00e9 pi\u00f9 che evidente e anche per questo una Lectura Dantis associata ad una splendida fumata di Toscano non poteva mancare nei nostri sogni, realizzatisi quindi a Montepulciano, con la lettura del canto ventitr\u00e9 del Purgatorio. La formula da noi proposta ha ricevuto ampi consensi, incoraggiandoci a riproporre manifestazioni per valorizzare le varie forme dell&#8217;arte, con la degustazione di grandi prodotti enologici e fumando sempre un buon sigaro. Dopo i grandi successi ottenuti a Torino al Salone del Gusto, in collaborazione con l &#8216;E.T.I., lo Slow Food e la Regione Toscana e a Vinitaly, ci siamo riproposti di creare una serie di progetti a tutela del Sigaro Toscano che vedano come punto di arrivo la creazione della &#8220;Via del Sigaro Toscano&#8221;. Un lento, inebriante cammino nei profumi e nel fascino delle nostre tradizioni. Vogliamo mettere in competizione la leggendaria &#8221; vuelta abajo&#8221; con le rinascimentali terre Tosco &#8211; Umbre.<\/p>\n<p>Su proposta dello Slow Food, ci siamo assunti l&#8217;incarico di tenutari di presidio del sigaro Toscano Extra-Vecchio. Recentemente abbiamo avuto il piacere di tenere a battesimo le delegazioni del nostro club al sud, nelle sua preziose sedi di Ischia e l&#8217;Aquila. In collaborazione con l&#8217;Ente Tabacchi Italiani abbiamo programmato varie visite guidate alla manifattura di Lucca dove si arrotolano i Toscani. Crediamo anche nel nuovo modo di dialogare, con la creazione , all&#8217;interno del nostro sito www.toscano.com di uno spazio dedicato al Sigaro.<\/p>\n<p>Gli ultimi impegni sono stati, la ricreazione di un banchetto mediceo a Montecatini, la presentazione dell&#8217;introvabile Moro 2000 al prestigioso Four Seasons di Milano, con folgorante cucina imperniata sui sapori del tabacco e asta per l&#8217;ultimo Moro a favore della campagna antimine, Toscana Slow (no-stop del gusto nella terra dei &#8220;Maledetti&#8221;), e Merano Wine Festival.<\/p>\n<p>Continuiamo, sempre pi\u00f9 convinti, nel presentare la nostra passione per il sigaro associata a progetti culturali sempre diversi e importanti. Anche questo spirito ci ha permesso di collaborare, fin dal suo primo numero, con la splendida rivista Monsieur, cosa di cui siamo molto grati al suo patron Franz Botr\u00e9. Nel tentativo poi di qualificare sempre pi\u00f9 la produzione e la conoscenza del sigaro abbiamo aderito alla nascita,assieme agli amici Andrea Molinari e Giancarlo Maresca, al Parlamento Internazionale dei Fumatori &#8220;Fumus&#8221;.<\/p>\n<p>Infine, non ci proponiamo in funambolismi degustativi, n\u00e9 esoteriche alchimie per il riconoscimento di specifiche del tabacco, molto pi\u00f9 semplicemente, cerchiamo di integrare alcune delle cose belle che questa vita ci offre in splendide meditazioni.<\/p>\n<p>Nel nostro piccolo villaggio globale, non potevamo non avere due soci Statunitensi fumatori esclusivi di sigaro Toscano, R. Davis e R. Patrizi che presi dal sacro fuoco dell&#8217;entusiasmo stanno studiando lo sbarco nel nuovo continente del nostro club.<\/p>\n<p>Infine un ringraziamento alle nostre mogli, fidanzate, amiche che con la loro pazienza e anche i loro consigli (e soprattutto la loro pragmaticit\u00e0) hanno permesso la prosecuzione di questo nostro affascinante percorso; abbiamo ancora molte altre idee e buoni propositi: la ricerca della qualit\u00e0 nella correttezza \u00e8 comunque il nostro impegno.<\/p>\n<p>Con l&#8217;aiuto dei vecchi e, speriamo dei molti <a href=\"http:\/\/www.toscano.com\/?page_id=44\">nuovi soci<\/a>, contiamo di mantenerlo.<\/p>\n<p>Seguiteci, non vi abbiamo deluso, non vi deluderemo mai.<\/p>\n<p>Buon Fumo,<\/p>\n<p style=\"text-align: right;\">\n<p style=\"text-align: right;\">Aroldo Marconi, Roberto Fanticelli<\/p>\n<div id=\"_mcePaste\" class=\"mcePaste\" style=\"position: absolute; left: -10000px; top: 0px; width: 1px; height: 1px; overflow: hidden;\">\n<p><span style=\"color: #800000; font-family: Arial;\"><span style=\"font-family: Arial; font-size: x-small;\">Intorno alla fine degli anni &#8217;80 un gruppo di amici ha cominciato ad apprezzare il sigaro decidendo di sviluppare in maniera adeguata questa loro passione: il loro sogno era poter integrare il sigaro in un contesto territoriale e culturale, insomma ancorarlo saldamente alle proprie radici per far si che la fumata di un buon prodotto non fosse fine a se stessa, ma strumento per poter ottimizzare la buona compagnia, una forma indiretta di selezione; valorizzare la buona cucina e come tradizione nella storia del sigaro, ricercare i migliori abbinamenti enogastronomici, letteratura pittura e tutte le varie forme dell&#8217;arte per esaltare i nostri momenti meditativi di buon sigaro. Ma questo non bastava ancora: c&#8217;era in qualche modo il bisogno di ufficializzare questo tipo di legame. Nati come esclusivi fumatori ed estimatori di sigaro, tenaci oppositori del fumo compulsivo della sigaretta, abbiamo fin dall&#8217; inizio voluto dare il giusto collocamento a questa passione, consapevoli certo che non si tratta di prodotti farmaceutici ma che il sigaro pu\u00f2 avere benefici effetti sulla distensione, promuovere la buona compagnia,ridurre lo stress, migliorare insomma la qualit\u00e0 della vita; volevamo infine utilizzarla come grimaldello per accedere a progetti culturali sempre pi\u00f9 ambiziosi.<\/span><\/span><span style=\"color: #800000; font-family: Arial; font-size: x-small;\">Attraverso riunioni conviviali,deliziose cene e splendide serate abbiamo maturato la volont\u00e0 di creare il nostro club. Finalmente nel settembre del 1999, coniando il nostro motto &#8220;Slow Smoke&#8221; per evidenziare il potere meditativo del nostro fumare, abbiamo inaugurato ufficialmente a Pienza, con una stupenda serata, il nostro club Maledetto Toscano, ottenendo un indubbio successo di pubblico e critica: la stampa e i media hanno dato risalto all&#8217;evento ma quello che pi\u00f9 ci ha riempito di gioia \u00e8 stata la risposta entusiasta di amici e appassionati. <\/span><\/p>\n<p><span style=\"color: #800000; font-family: Arial; font-size: x-small;\"> La peculiarit\u00e0 del nostro club risiede nella ricerca continua della qualit\u00e0 a prescindere dalla provenienza del prodotto: rispettiamo il gusto di tutti, ognuno fuma ci\u00f2 che vuole, ognuno si stila la propria personale classifica; noi cerchiamo obiettivamente di proporre tutti i migliori prodotti del panorama Mondiale. Abbiamo pi\u00f9 volte organizzato serate con i leggendari Avana, i superbi caraibici, ritenendoci per\u00f2, senza falsa modestia, insuperabili conoscitori del nostro amatissimo Toscano, veri pionieri della sua riscoperta. Crediamo sinceramente nella grande potenzialit\u00e0 di questo nostro prodotto: \u00e8 fatto certo per fumatori &#8220;forti&#8221; ma \u00e8 generoso, sempre diverso nella forma e, come ha sentenziato un celebre scrittore, &#8220;non tradisce mai&#8221;.<\/span><\/p>\n<p><span style=\"color: #800000; font-family: Arial; font-size: x-small;\">E&#8217; un manufatto di cui il nostro paese pu\u00f2 andare giustamente orgoglioso, un prodotto che noi vogliamo preservare alla stregua di tanti altri nostri prodotti enogastronomici. Il nostro entusiasmo dopo l&#8217;incontro con il Kentucky ha messo le ali ai piedi a vecchi progetti che coltivavamo da tempo: una nostra pubblicazione interamente dedicata alla storia, ai metodi di coltivazione del Kentucky e alla manifattura del sigaro Toscano; una storia scritta con affetto da Aroldo Marconi e Francesco Testa, un tributo ad un cos\u00ec importante &#8220;personaggio&#8221; della nostra terra; &#8220;IL TOSCANO guida completa al sigaro Italiano&#8221;, edito Giunti, divenuto in breve tempo vera pietra miliare per gli appassionati, premiato dal riconoscimento del pubblico, giunto alla seconda edizione e tradotto in lingua inglese. Abbiamo collaborato con Alinari alla stesura del magnifico volume &#8220;TOSCANO, passione in fumo&#8221;, con testi di Roberto Fanticelli e Aroldo Marconi. Parlando proprio delle nostre radici e della nostra storia, non potevamo non pensare ad una associazione fra il Toscano e il &#8220;Toscano&#8221; per antonomasia: il divino poeta, uno che di maledetti se ne intendeva davvero. Il richiamo al nostro logo \u00e9 pi\u00f9 che evidente e anche per questo una Lectura Dantis associata ad una splendida fumata di Toscano non poteva mancare nei nostri sogni, realizzatisi quindi a Montepulciano, con la lettura del canto ventitr\u00e9 del Purgatorio. La formula da noi proposta ha ricevuto ampi consensi, incoraggiandoci a riproporre manifestazioni per valorizzare le varie forme dell&#8217;arte, con la degustazione di grandi prodotti enologici e fumando sempre un buon sigaro. Dopo i grandi successi ottenuti a Torino al Salone del Gusto, in collaborazione con l &#8216;E.T.I., lo Slow Food e la Regione Toscana e a Vinitaly, ci siamo riproposti di creare una serie di progetti a tutela del Sigaro Toscano che vedano come punto di arrivo la creazione della &#8220;Via del Sigaro Toscano&#8221;. Un lento, inebriante cammino nei profumi e nel fascino delle nostre tradizioni. Vogliamo mettere in competizione la leggendaria &#8221; vuelta abajo&#8221; con le rinascimentali terre Tosco &#8211; Umbre. <\/span><\/p>\n<p><span style=\"color: #800000; font-family: Arial; font-size: x-small;\"> Su proposta dello Slow Food, ci siamo assunti l&#8217;incarico di tenutari di presidio del sigaro Toscano Extra-Vecchio. Recentemente abbiamo avuto il piacere di tenere a battesimo le delegazioni del nostro club al sud, nelle sua preziose sedi di Ischia e l&#8217;Aquila. In collaborazione con l&#8217;Ente Tabacchi Italiani abbiamo programmato varie visite guidate alla manifattura di Lucca dove si arrotolano i Toscani. Crediamo anche nel nuovo modo di dialogare, con la creazione , all&#8217;interno del nostro sito www.toscano.com di uno spazio dedicato al Sigaro.<\/span><\/p>\n<p><span style=\"color: #800000; font-family: Arial; font-size: x-small;\">Gli ultimi impegni sono stati, la ricreazione di un banchetto mediceo a Montecatini, la presentazione dell&#8217;introvabile Moro 2000 al prestigioso Four Seasons di Milano, con folgorante cucina imperniata sui sapori del tabacco e asta per l&#8217;ultimo Moro a favore della campagna antimine, Toscana Slow (no-stop del gusto nella terra dei &#8220;Maledetti&#8221;), e Merano Wine Festival. <\/span><\/p>\n<p><span style=\"color: #800000; font-family: Arial; font-size: x-small;\"> Continuiamo, sempre pi\u00f9 convinti, nel presentare la nostra passione per il sigaro associata a progetti culturali sempre diversi e importanti. Anche questo spirito ci ha permesso di collaborare, fin dal suo primo numero, con la splendida rivista Monsieur, cosa di cui siamo molto grati al suo patron Franz Botr\u00e9. Nel tentativo poi di qualificare sempre pi\u00f9 la produzione e la conoscenza del sigaro abbiamo aderito alla nascita,assieme agli amici Andrea Molinari e Giancarlo Maresca, al Parlamento Internazionale dei Fumatori &#8220;Fumus&#8221;.<\/span><\/p>\n<p><span style=\"color: #800000; font-family: Arial; font-size: x-small;\">Infine, non ci proponiamo in funambolismi degustativi, n\u00e9 esoteriche alchimie per il riconoscimento di specifiche del tabacco, molto pi\u00f9 semplicemente, cerchiamo di integrare alcune delle cose belle che questa vita ci offre in splendide meditazioni.<\/span><\/p>\n<p><span style=\"color: #800000; font-family: Arial; font-size: x-small;\">Nel nostro piccolo villaggio globale, non potevamo non avere due soci Statunitensi fumatori esclusivi di sigaro Toscano, R. Davis e R. Patrizi che presi dal sacro fuoco dell&#8217;entusiasmo stanno studiando lo sbarco nel nuovo continente del nostro club. <\/span><\/p>\n<p><span style=\"color: #800000; font-family: Arial; font-size: x-small;\">Infine un ringraziamento alle nostre mogli, fidanzate, amiche che con la loro pazienza e anche i loro consigli (e soprattutto la loro pragmaticit\u00e0) hanno permesso la prosecuzione di questo nostro affascinante percorso; abbiamo ancora molte altre idee e buoni propositi: la ricerca della qualit\u00e0 nella correttezza \u00e8 comunque il nostro impegno.<\/span><\/p>\n<p><span style=\"color: #800000; font-family: Arial; font-size: x-small;\">Con l&#8217;aiuto dei vecchi e, speriamo dei molti <a href=\"http:\/\/www.toscano.com\/Inscrizione.htm\">nuovi soci<\/a>, contiamo di mantenerlo. <\/span><\/p>\n<p><span style=\"color: #800000; font-family: Arial; font-size: x-small;\">Seguiteci, non vi abbiamo deluso, non vi deluderemo mai.<\/span><\/p>\n<p><span style=\"color: #800000; font-family: Arial; font-size: x-small;\">Buon Fumo,<\/span><\/p>\n<p><span style=\"color: #800000; font-family: Arial; font-size: x-small;\">Aroldo Marconi, Roberto Fanticelli.<\/span><\/p>\n<\/div>\n","protected":false},"excerpt":{"rendered":"<p>Intorno alla fine degli anni &#8217;80 un gruppo di amici ha cominciato ad apprezzare il sigaro decidendo di sviluppare in&hellip;<\/p>\n","protected":false},"author":1,"featured_media":0,"parent":0,"menu_order":2,"comment_status":"closed","ping_status":"closed","template":"","meta":[],"_links":{"self":[{"href":"http:\/\/www.maledettotoscano.com\/index.php?rest_route=\/wp\/v2\/pages\/1198"}],"collection":[{"href":"http:\/\/www.maledettotoscano.com\/index.php?rest_route=\/wp\/v2\/pages"}],"about":[{"href":"http:\/\/www.maledettotoscano.com\/index.php?rest_route=\/wp\/v2\/types\/page"}],"author":[{"embeddable":true,"href":"http:\/\/www.maledettotoscano.com\/index.php?rest_route=\/wp\/v2\/users\/1"}],"replies":[{"embeddable":true,"href":"http:\/\/www.maledettotoscano.com\/index.php?rest_route=%2Fwp%2Fv2%2Fcomments&post=1198"}],"version-history":[{"count":4,"href":"http:\/\/www.maledettotoscano.com\/index.php?rest_route=\/wp\/v2\/pages\/1198\/revisions"}],"predecessor-version":[{"id":1758,"href":"http:\/\/www.maledettotoscano.com\/index.php?rest_route=\/wp\/v2\/pages\/1198\/revisions\/1758"}],"wp:attachment":[{"href":"http:\/\/www.maledettotoscano.com\/index.php?rest_route=%2Fwp%2Fv2%2Fmedia&parent=1198"}],"curies":[{"name":"wp","href":"https:\/\/api.w.org\/{rel}","templated":true}]}}