{"id":1199,"date":"2011-05-17T10:04:15","date_gmt":"2011-05-17T08:04:15","guid":{"rendered":"http:\/\/10.10.10.90\/maledetto_toscano\/?page_id=50"},"modified":"2021-12-07T17:33:51","modified_gmt":"2021-12-07T16:33:51","slug":"biblioteca","status":"publish","type":"page","link":"http:\/\/www.maledettotoscano.com\/?page_id=1199","title":{"rendered":"Biblioteca"},"content":{"rendered":"<table border=\"0\" width=\"100%\" cellspacing=\"0\" cellpadding=\"0\">\n<tbody>\n<tr>\n<td width=\"110\"><a href=\"http:\/\/www.maledettotoscano.com\/wp-content\/uploads\/2011\/05\/il_toscano1.jpg\"><img decoding=\"async\" loading=\"lazy\" class=\"alignnone wp-image-121 size-full\" title=\"il_toscano\" src=\"http:\/\/www.maledettotoscano.com\/wp-content\/uploads\/2011\/05\/il_toscano1.jpg\" alt=\"\" width=\"100\" height=\"177\" \/><\/a><\/td>\n<td><strong>IL TOSCANO<\/strong>, guida completa al sigaro italiano.<\/p>\n<p>Aroldo Marconi, Francesco Testa.<\/p>\n<p>GIUNTI &#8211; 2000<\/p>\n<p>Su idea del club Maledetto Toscano,nelle persone di Roberto e Stefano Fanticelli, Franco Boschi, Aroldo Marconi, la prima guida veramente completa che tratta del prestigioso tabacco Kentucky, dalla sua coltivazione all&#8217;arrotolamento. Non vogliamo essere presuntuosi se definiamo il nostri libro, l&#8217;esempio per come si tratta la materia del Sigaro, senza orpelli e sofismi esasperati, semplicemente una guida tecnica. Meravigliosa la parte tecnica curata dal Dott. Testa, affascinante la parte del Dott. Marconi tra Toscano e Arte.<\/td>\n<\/tr>\n<tr>\n<td><a href=\"http:\/\/www.maledettotoscano.com\/wp-content\/uploads\/2011\/05\/toscani_passioni_in_fumo.jpg\"><img decoding=\"async\" loading=\"lazy\" class=\"alignnone wp-image-122 size-full\" title=\"toscani_passioni_in_fumo\" src=\"http:\/\/www.maledettotoscano.com\/wp-content\/uploads\/2011\/05\/toscani_passioni_in_fumo.jpg\" alt=\"\" width=\"100\" height=\"177\" \/><\/a><\/td>\n<td><strong>TOSCANI<\/strong>, passione in fumo<\/p>\n<p>A. Abruzzese, R. Fanticelli, G. Corradi, A. Marconi, A. Lattuada, C. Cresti, A. Bonaccorso, T. Pinelli, G. Luti, D. Pugliese, F. Righini.<\/p>\n<p>ALINARI &#8211; 2001<\/p>\n<p>Il Sigaro Toscano, non solo un prodotto da fumo, ma la nostra storia rivista con le immagini degli archivi Alinari. Non solamente un libro da regalare a chi fuma sigaro, fantastici momenti della storia d&#8217; Italia con il sigaro Toscano in Bocca.<\/td>\n<\/tr>\n<tr>\n<td><a href=\"http:\/\/www.maledettotoscano.com\/wp-content\/uploads\/2011\/05\/il_signor_sigaro.jpg\"><img decoding=\"async\" loading=\"lazy\" class=\"wp-image-123 size-full aligncenter\" title=\"il_signor_sigaro\" src=\"http:\/\/www.maledettotoscano.com\/wp-content\/uploads\/2011\/05\/il_signor_sigaro.jpg\" alt=\"\" width=\"100\" height=\"177\" \/><\/a><\/td>\n<td><strong>IL SIGNOR SIGARO<\/strong><\/p>\n<p>G. Bozzini<\/p>\n<p>MURSIA &#8211; 1982<\/p>\n<p>Uno dei testi pi\u00f9 belli e competenti scritti sul sigaro; note tecniche di primo ordine. Particolarmente esaustivo sul Toscano e sugli Avana. Presenta la produzione del sigaro su scala mondiale. Ristampato nell&#8217; 88. Da avere assolutamente.<\/td>\n<\/tr>\n<tr>\n<td><a href=\"http:\/\/www.maledettotoscano.com\/wp-content\/uploads\/2011\/05\/L_amatore_del_sigaro.jpg\"><img decoding=\"async\" loading=\"lazy\" class=\"wp-image-124 size-full aligncenter\" title=\"L_amatore_del_sigaro\" src=\"http:\/\/www.maledettotoscano.com\/wp-content\/uploads\/2011\/05\/L_amatore_del_sigaro.jpg\" alt=\"\" width=\"100\" height=\"177\" \/><\/a><\/td>\n<td><strong>L&#8217;AMATORE DEL SIGARO<\/strong><\/p>\n<p>Z. Davidoff<strong><br \/>\n<\/strong><\/p>\n<p>MURSIA &#8211; 1983<\/p>\n<p>Bellissimo libro autobiografico sull&#8217;Avana, ricco di aneddoti, molto godibile, poco tecnico, scarse informazioni su moduli e vitolas; un po&#8217; partigiano.<\/p>\n<p>Ristampa ed.87. Da leggere.<\/td>\n<\/tr>\n<tr>\n<td><a href=\"http:\/\/www.maledettotoscano.com\/wp-content\/uploads\/2011\/05\/abcdaire_du_cigare.jpg\"><img decoding=\"async\" loading=\"lazy\" class=\"wp-image-125 size-full aligncenter\" title=\"abcdaire_du_cigare\" src=\"http:\/\/www.maledettotoscano.com\/wp-content\/uploads\/2011\/05\/abcdaire_du_cigare.jpg\" alt=\"\" width=\"100\" height=\"177\" \/><\/a><\/td>\n<td><strong>L&#8217;ABCDAIRE DU CIGARE<\/strong><\/p>\n<p>E. Deschodt<\/p>\n<p>Flammarion &#8211; 1996<\/td>\n<\/tr>\n<tr>\n<td><a href=\"http:\/\/www.maledettotoscano.com\/wp-content\/uploads\/2011\/05\/il_sigaro_toscano.jpg\"><img decoding=\"async\" loading=\"lazy\" class=\"aligncenter wp-image-126 size-full\" title=\"il_sigaro_toscano\" src=\"http:\/\/www.maledettotoscano.com\/wp-content\/uploads\/2011\/05\/il_sigaro_toscano.jpg\" alt=\"\" width=\"100\" height=\"177\" \/><\/a><\/td>\n<td><strong>IL SIGARO TOSCANO<\/strong><\/p>\n<p>A. Santini<\/p>\n<p>PACINI FAZI EDIZIONI &#8211; 1996<\/p>\n<p>Grande amico dei fumatori avveduti, il sigaro toscano \u00e8 un personaggio, e come tale merita di diventare protagonista di un libro che in realt\u00e0 \u00e8 un romanzo breve da leggere d&#8217;un fiato. Scritto da Aldo Santini con il consueto stile immediato e avvincente, questo libro non pu\u00f2 mancare nella collezione dei moltissimi fumatori e amanti del sigaro pi\u00f9 forte del mondo.<\/td>\n<\/tr>\n<tr>\n<td><a href=\"http:\/\/www.maledettotoscano.com\/wp-content\/uploads\/2011\/05\/havana.jpg\"><img decoding=\"async\" loading=\"lazy\" class=\"aligncenter wp-image-127 size-full\" title=\"havana\" src=\"http:\/\/www.maledettotoscano.com\/wp-content\/uploads\/2011\/05\/havana.jpg\" alt=\"\" width=\"100\" height=\"177\" \/><\/a><\/td>\n<td><strong>SIGARI AVANA<\/strong><\/p>\n<p>Gerard Pere Et Fils<\/p>\n<p>BARNES &amp; NOBLE -1997<\/p>\n<p>Uno dei libri pi\u00f9 belli sugli Avana, stupendamente illustrato. Tutte o quasi le vitolas fotografate e commentate. Per conoscitori, assolutamente da avere.<\/td>\n<\/tr>\n<tr>\n<td><a href=\"http:\/\/www.maledettotoscano.com\/wp-content\/uploads\/2011\/05\/71RS8NWHK5L._SS500_.jpg\"><img decoding=\"async\" loading=\"lazy\" class=\"aligncenter wp-image-129 size-full\" title=\"71RS8NWHK5L._SS500_\" src=\"http:\/\/www.maledettotoscano.com\/wp-content\/uploads\/2011\/05\/71RS8NWHK5L._SS500_.jpg\" alt=\"\" width=\"100\" height=\"177\" \/><\/a><\/td>\n<td><strong>THE HANDEMADE CIGAR<\/strong><\/p>\n<p>J. Connor, J. Downey<\/p>\n<p>COLLINS &#8211; 1997<\/p>\n<p>Guida molto parziale per grandi Avana e Caraibici, bellissima invece la sezione per collezionare Anillas e ricordare le proprie fumate con giudizi e commenti. Difficile reperimento. Collezionismo.<\/td>\n<\/tr>\n<tr>\n<td><a href=\"http:\/\/www.maledettotoscano.com\/wp-content\/uploads\/2011\/05\/cigar.jpg\"><img decoding=\"async\" loading=\"lazy\" class=\"aligncenter wp-image-131 size-full\" title=\"cigar\" src=\"http:\/\/www.maledettotoscano.com\/wp-content\/uploads\/2011\/05\/cigar.jpg\" alt=\"\" width=\"100\" height=\"177\" \/><\/a><\/td>\n<td><strong>CIGAR<\/strong><\/p>\n<p>M.Shanken<\/p>\n<p>RUNNING PRESS PHILADELPHIA &#8211; 1997<\/p>\n<p>Piccolo gioiello tascabile di grande impatto estetico dal mitico direttore di CIGAR AFICIONADO. Difficilmente reperibile. Collezionismo.<\/td>\n<\/tr>\n<tr>\n<td><a href=\"http:\/\/www.maledettotoscano.com\/wp-content\/uploads\/2011\/05\/no_image_available.gif\"><img decoding=\"async\" loading=\"lazy\" class=\"wp-image-133 size-full aligncenter\" title=\"no_image_available\" src=\"http:\/\/www.maledettotoscano.com\/wp-content\/uploads\/2011\/05\/no_image_available.gif\" alt=\"\" width=\"100\" height=\"177\" \/><\/a><\/td>\n<td><strong>CIGARS OF THE WORLD<\/strong><\/p>\n<p>A. Pastor<\/p>\n<p>WELLFLEET PRESS &#8211; 1997<\/p>\n<p>Splendido libro riccamente illustrato. Selezione non completa ma molto accurata soprattutto per le grandi marche; esauriente per i grandi moduli caraibici non cubani; difficile reperimento. Da avere.<\/td>\n<\/tr>\n<tr>\n<td><a href=\"http:\/\/www.maledettotoscano.com\/wp-content\/uploads\/2011\/05\/sigaro_molinari.jpg\"><img decoding=\"async\" loading=\"lazy\" class=\"aligncenter wp-image-135 size-full\" title=\"sigaro_molinari\" src=\"http:\/\/www.maledettotoscano.com\/wp-content\/uploads\/2011\/05\/sigaro_molinari.jpg\" alt=\"\" width=\"100\" height=\"177\" \/><\/a><\/td>\n<td><strong>SIGARO<\/strong><\/p>\n<p>A. Molinari<\/p>\n<p>IDEA LIBRI 2001<\/p>\n<p>Manuale contenuto nelle dimensioni,ma molto apprezzabile nelle note tecniche e nella selezione dei moduli. Tratta esclusivamente gli Avana (con competenza acquistata sul campo). Ottimo il punto sulla degustazione. Molto utile.<\/td>\n<\/tr>\n<tr>\n<td><a href=\"http:\/\/www.maledettotoscano.com\/wp-content\/uploads\/2011\/05\/havanoscope1.jpg\"><img decoding=\"async\" loading=\"lazy\" class=\"aligncenter wp-image-155 size-full\" title=\"havanoscope\" src=\"http:\/\/www.maledettotoscano.com\/wp-content\/uploads\/2011\/05\/havanoscope1.jpg\" alt=\"\" width=\"100\" height=\"177\" \/><\/a><\/td>\n<td><strong>HAVANOSCOPE 2010<\/strong><\/p>\n<p>J. M. Heibrich J.A. Richard A. Lorenzo J.P. Kauffman<\/p>\n<p>HACHETTE LIVRE &#8211; 1998<\/p>\n<p>La guida, di dimensioni contenute, \u00e8 attualmente (a nostra conoscenza) la pi\u00f9 completa sul mercato. Qualche appunto sui giudizi (ma si sa ognuno la pensa come vuole). Assolutamente da avere.<\/td>\n<\/tr>\n<tr>\n<td><a href=\"http:\/\/www.maledettotoscano.com\/wp-content\/uploads\/2011\/05\/il_grande_libro_dei_sigari.jpg\"><img decoding=\"async\" loading=\"lazy\" class=\"aligncenter wp-image-157 size-full\" title=\"il_grande_libro_dei_sigari\" src=\"http:\/\/www.maledettotoscano.com\/wp-content\/uploads\/2011\/05\/il_grande_libro_dei_sigari.jpg\" alt=\"\" width=\"100\" height=\"177\" \/><\/a><\/td>\n<td><strong>IL GRANDE LIBRO DEI SIGARI<\/strong><\/p>\n<p>A. Castiello D&#8217;Antonio<\/p>\n<p>ALBERTI &amp; C. EDIZIONI &#8211; 1998<\/p>\n<p>Ottimo collage di notizie e valutazioni tecniche, buona la classificazione e la valutazione vitolas; impegnativa la bibliografia (si basa molto su articoli di periodici specializzati, in particolare Cigar Aficionado). Criticabile il collage delle immagini. Utile ai neofiti.<\/td>\n<\/tr>\n<tr>\n<td><a href=\"http:\/\/www.maledettotoscano.com\/wp-content\/uploads\/2011\/05\/avana.jpg\"><img decoding=\"async\" loading=\"lazy\" class=\"aligncenter wp-image-159 size-full\" title=\"avana\" src=\"http:\/\/www.maledettotoscano.com\/wp-content\/uploads\/2011\/05\/avana.jpg\" alt=\"\" width=\"100\" height=\"177\" \/><\/a><\/td>\n<td><strong>AVANA<\/strong> la leggenda del sigaro<\/p>\n<p>C. Del Tedesco<\/p>\n<p>MONDADORI &#8211; 1998<\/p>\n<p>Bellissimo, imponente volume sugli Avana. Diviso in due sezioni ben distinte: la prima \u00e8 uno stupendo reportage fotografico sulla storia, la coltura e la cultura dei mitici sigari, la seconda \u00e8 una classificazione ragionata per marche e vitolas di rara completezza. Ottimo per tutti. Da avere.<\/td>\n<\/tr>\n<tr>\n<td><a href=\"http:\/\/www.maledettotoscano.com\/wp-content\/uploads\/2011\/05\/sigari_guida_internazionale.gif\"><img decoding=\"async\" loading=\"lazy\" class=\"aligncenter wp-image-160 size-full\" title=\"sigari_guida_internazionale\" src=\"http:\/\/www.toscano.com\/wp-content\/uploads\/2011\/05\/sigari_guida_internazionale.gif\" alt=\"\" width=\"100\" height=\"177\" \/><\/a><\/td>\n<td><strong>SIGARI<\/strong>, guida internazionale<\/p>\n<p>(International Connoisseur&#8217;s Guide to Cigars)<\/p>\n<p>J.Resnick<\/p>\n<p>KONEMANN &#8211; 1996<\/p>\n<p>Ottima guida sul panorama dei sigari nel mondo, purtroppo manca la parte sul Toscano, ma per scrivere sul sigaro Italiano bisogna essere Maledetti&#8230;<\/td>\n<\/tr>\n<tr>\n<td><a href=\"http:\/\/www.maledettotoscano.com\/wp-content\/uploads\/2011\/05\/sigari_guida_per_intenditori.jpg\"><img decoding=\"async\" loading=\"lazy\" class=\"aligncenter wp-image-162 size-full\" title=\"sigari_guida_per_intenditori\" src=\"http:\/\/www.toscano.com\/wp-content\/uploads\/2011\/05\/sigari_guida_per_intenditori.jpg\" alt=\"\" width=\"100\" height=\"177\" \/><\/a><\/td>\n<td>SIGARI, guida per intenditori<\/p>\n<p>Bati Anwer<\/p>\n<p>EDITORE TECNICHE NUOVE &#8211; 1998<\/p>\n<p>Ottimo manuale, tratta esaurientemente tutti gli aspetti del sigaro. Buona anche se incompleta la classificazione degli hand made. Grande spazio agli &#8220;altri Caraibici&#8221;, giudizi molto equilibrati. Molto utile.<\/td>\n<\/tr>\n<\/tbody>\n<\/table>\n","protected":false},"excerpt":{"rendered":"<p>IL TOSCANO, guida completa al sigaro italiano. Aroldo Marconi, Francesco Testa. GIUNTI &#8211; 2000 Su idea del club Maledetto Toscano,nelle&hellip;<\/p>\n","protected":false},"author":1,"featured_media":0,"parent":0,"menu_order":6,"comment_status":"closed","ping_status":"closed","template":"","meta":[],"_links":{"self":[{"href":"http:\/\/www.maledettotoscano.com\/index.php?rest_route=\/wp\/v2\/pages\/1199"}],"collection":[{"href":"http:\/\/www.maledettotoscano.com\/index.php?rest_route=\/wp\/v2\/pages"}],"about":[{"href":"http:\/\/www.maledettotoscano.com\/index.php?rest_route=\/wp\/v2\/types\/page"}],"author":[{"embeddable":true,"href":"http:\/\/www.maledettotoscano.com\/index.php?rest_route=\/wp\/v2\/users\/1"}],"replies":[{"embeddable":true,"href":"http:\/\/www.maledettotoscano.com\/index.php?rest_route=%2Fwp%2Fv2%2Fcomments&post=1199"}],"version-history":[{"count":3,"href":"http:\/\/www.maledettotoscano.com\/index.php?rest_route=\/wp\/v2\/pages\/1199\/revisions"}],"predecessor-version":[{"id":1746,"href":"http:\/\/www.maledettotoscano.com\/index.php?rest_route=\/wp\/v2\/pages\/1199\/revisions\/1746"}],"wp:attachment":[{"href":"http:\/\/www.maledettotoscano.com\/index.php?rest_route=%2Fwp%2Fv2%2Fmedia&parent=1199"}],"curies":[{"name":"wp","href":"https:\/\/api.w.org\/{rel}","templated":true}]}}