{"id":38,"date":"2011-05-17T10:02:52","date_gmt":"2011-05-17T08:02:52","guid":{"rendered":"http:\/\/10.10.10.90\/maledetto_toscano\/?page_id=38"},"modified":"2021-12-07T16:13:53","modified_gmt":"2021-12-07T15:13:53","slug":"il-toscano-2","status":"publish","type":"page","link":"http:\/\/www.maledettotoscano.com\/?page_id=38","title":{"rendered":"Vintage"},"content":{"rendered":"<table border=\"0\" width=\"100%\" cellspacing=\"0\" cellpadding=\"0\">\n<tbody>\n<tr>\n<td width=\"110\"><a href=\"http:\/\/www.maledettotoscano.com\/wp-content\/uploads\/2011\/05\/moro-toscano.jpg\"><img decoding=\"async\" loading=\"lazy\" class=\"aligncenter wp-image-182 \" title=\"moro toscano\" src=\"http:\/\/www.maledettotoscano.com\/wp-content\/uploads\/2011\/05\/moro-toscano.jpg\" alt=\"\" width=\"159\" height=\"332\" \/><\/a><\/td>\n<td>\n<h3>SIGARO: <strong>MORO<\/strong> (uscito in commercio nel 2000)<\/h3>\n<p>TIRAGGIO: CORRETTO<\/p>\n<p>COMBUSTIONE: UNIFORME<\/p>\n<p>CENERE: GRIGIO PERLA<\/p>\n<p>SAPORE: ECCELLENTE<\/p>\n<p>AROMA: RICCO<\/p>\n<p>FORZA: INTENSA<\/p>\n<p>PERSISTENZA: RIMANE NELLA MEMORIA<\/p>\n<p>NOTE: Rimane difficile giudicare prodotti che raggiungono l&#8217;eccellenza come il Moro, si rischia di dire soltanto banalit\u00e0.<br \/>\nUscito in commercio 2000 rimane ancora pi\u00f9 difficile immaginarsi qualcosa di meglio. Un ringraziamento all&#8217;E.T.I. che \u00e8 riuscita a darci un prodotto di assoluto livello mondiale, non teme confronti. Il suo diametro alle punte e in pancia lo rendo armonioso, come le forme di una bella donna.<\/td>\n<\/tr>\n<tr>\n<td><a href=\"http:\/\/www.maledettotoscano.com\/wp-content\/uploads\/2011\/05\/Millennium.jpg\"><img decoding=\"async\" loading=\"lazy\" class=\"alignnone wp-image-183 \" title=\"Millennium\" src=\"http:\/\/www.maledettotoscano.com\/wp-content\/uploads\/2011\/05\/Millennium.jpg\" alt=\"\" width=\"202\" height=\"206\" srcset=\"http:\/\/www.maledettotoscano.com\/wp-content\/uploads\/2011\/05\/Millennium.jpg 195w, http:\/\/www.maledettotoscano.com\/wp-content\/uploads\/2011\/05\/Millennium-55x55.jpg 55w\" sizes=\"(max-width: 202px) 100vw, 202px\" \/><\/a><\/td>\n<td>\n<h3><strong>SIGARO: MILLENNIUM (uscito in commercio nel 1999)<\/strong><\/h3>\n<p>TIRAGGIO: CORRETTO<\/p>\n<p>COMBUSTIONE: ASS.UNIFORME<\/p>\n<p>CENERE: GRIGIO PERLA<\/p>\n<p>SAPORE: ECCELLENTE<\/p>\n<p>AROMA: RICCO INTENSO<\/p>\n<p>FORZA: CORRETTA<\/p>\n<p>PERSISTENZA: MOLTO PERSISTENTE<\/p>\n<p>NOTE: Anello di combustione assolutamente uniforme, cenere compatta, da fumare rigorosamente intero, da riservare alle occasioni speciali. Riesce a sprigionare morbidezza e aroma che sono splendidamente uniti al grande corpo del sigaro. Grande sensazione di pienezza &#8220;l&#8217;ultimo desiderio del condannato morte&#8221;, considerando la rarit\u00e0.<\/td>\n<\/tr>\n<tr>\n<td><a href=\"http:\/\/www.maledettotoscano.com\/wp-content\/uploads\/2011\/05\/selected.jpg\"><img decoding=\"async\" loading=\"lazy\" class=\"aligncenter wp-image-186 \" title=\"selected\" src=\"http:\/\/www.maledettotoscano.com\/wp-content\/uploads\/2011\/05\/selected.jpg\" alt=\"\" width=\"181\" height=\"226\" \/><\/a><\/td>\n<td>\n<h3><strong>SIGARO: SELECTED (uscito in commercio nel 1998)<\/strong><\/h3>\n<p>TIRAGGIO: CORRETTO<\/p>\n<p>COMBUSTIONE: UNIFORME<\/p>\n<p>CENERE: GRIGIO ACCIAIO<\/p>\n<p>SAPORE: TIPICO<\/p>\n<p>AROMA: INTENSO<\/p>\n<p>FORZA: ACRE ACCENTUATA<\/p>\n<p>PERSISTENZA: MOLTO PERSISTENTE<\/p>\n<p>NOTE: Anello di combustione uniforme ha una forza di fuoco in bocca troppo accentuata se fumato ammezzato. Se tirato in modo avido e frenetico ha dei picchi amarognoli che si vanno man mano attenuando. Se umidificato ritroviamo grande morbidezza che ci si attende leggermente piccante alla lingua.<\/td>\n<\/tr>\n<tr>\n<td><a href=\"http:\/\/www.maledettotoscano.com\/wp-content\/uploads\/2011\/05\/originale.jpg\"><img decoding=\"async\" loading=\"lazy\" class=\"aligncenter wp-image-187 \" title=\"originale\" src=\"http:\/\/www.maledettotoscano.com\/wp-content\/uploads\/2011\/05\/originale.jpg\" alt=\"\" width=\"161\" height=\"462\" \/><\/a><\/td>\n<td>\n<h3><strong>SIGARO: ORIGINALE (uscito in commercio nel 1985)<\/strong><\/h3>\n<p>TIRAGGIO: CORRETTO<\/p>\n<p>COMBUSTIONE: ASS.UNIFORME<\/p>\n<p>CENERE: GRIGIO PERLA<\/p>\n<p>SAPORE: ECCELLENTE<\/p>\n<p>AROMA: RICCO INTENSO<\/p>\n<p>FORZA: CORRETTA<\/p>\n<p>PERSISTENZA: MOLTO PERSISTENTE<\/p>\n<p>NOTE: Anello di combustione assolutamente uniforme, grande quantit\u00e0 di fumo in bocca assai morbido. Se abbiamo la fortuna di avere diametri pi\u00f9 grandi \u00e8 fantastico. Rapporto qualit\u00e0 prezzo stupefacente.<\/td>\n<\/tr>\n<tr>\n<td><a href=\"http:\/\/www.maledettotoscano.com\/wp-content\/uploads\/2011\/05\/tar.jpg\"><img decoding=\"async\" loading=\"lazy\" class=\"alignnone wp-image-189 size-full\" title=\"tar\" src=\"http:\/\/www.maledettotoscano.com\/wp-content\/uploads\/2011\/05\/tar.jpg\" alt=\"\" width=\"195\" height=\"163\" \/><\/a><\/td>\n<td>\n<h3><strong>SIGARO: ANTICA RISERVA (uscito in commercio nel 1992)<\/strong><\/h3>\n<p>TIRAGGIO: CORRETTO<\/p>\n<p>COMBUSTIONE: ASSAI UNIFORME<\/p>\n<p>CENERE: GRIGIO ACCIAIO<\/p>\n<p>SAPORE: ECCELLENTE<\/p>\n<p>AROMA: PIACEVOLE INTENSO<\/p>\n<p>FORZA: CORRETTA<\/p>\n<p>PERSISTENZA: ABBASTANZA PERSISTENTE<\/p>\n<p>NOTE: Anello di combustione assolutamente uniforme, \u00e8 il primo sigaro della gamma arrotolato a macchina. La sua caratteristica risiede nel grande equilibrio e nella facilit\u00e0 di tiraggio: \u00e8 praticamente infallibile. Da consigliare a chi \u00e8 scettico sul toscano. Racchiude morbidezza quantit\u00e0 di fumo e affidabilit\u00e0. E&#8217; sicuramente il sigaro per avvicinarsi all&#8217;affascinante mondo dei toscani.<\/td>\n<\/tr>\n<tr>\n<td><a href=\"http:\/\/www.maledettotoscano.com\/wp-content\/uploads\/2011\/05\/71079_34647547943_6262597_n.jpg\"><img decoding=\"async\" loading=\"lazy\" class=\"aligncenter wp-image-191 \" title=\"71079_34647547943_6262597_n\" src=\"http:\/\/www.maledettotoscano.com\/wp-content\/uploads\/2011\/05\/71079_34647547943_6262597_n.jpg\" alt=\"\" width=\"125\" height=\"274\" \/><\/a><\/td>\n<td>\n<h3><strong>SIGARO: ANTICO TOSCANO (uscito in commercio nel 1973)<\/strong><\/h3>\n<p>TIRAGGIO: CON RESISTENZA<\/p>\n<p>COMBUSTIONE: BUONA<\/p>\n<p>CENERE: GRIGIO ACCIAIO<\/p>\n<p>SAPORE: SAPORI PICCANTI<\/p>\n<p>AROMA: RICCO INTENSO<\/p>\n<p>FORZA: PRONUNCIATO RESISTENTE<\/p>\n<p>PERSISTENZA: MOLTO PERSISTENTE<\/p>\n<p>NOTE: Anello di combustione abbastanza uniforme \u00e8 il toscano per eccellenza. Di grande forza e impatto con aromi molto pronunciati e una certa resistenza al tiraggio \u00e8 sicuramente il pi\u00f9 difficile dei toscani. Solo per fumatori esperti, richiama il profumo di tabacco lavorato, conserva la tipicit\u00e0 del prodotto tradizionale.<\/td>\n<\/tr>\n<tr>\n<td><a href=\"http:\/\/www.maledettotoscano.com\/wp-content\/uploads\/2011\/05\/toscano_extravecchio.jpg\"><img decoding=\"async\" loading=\"lazy\" class=\"aligncenter wp-image-192 \" title=\"toscano_extravecchio\" src=\"http:\/\/www.maledettotoscano.com\/wp-content\/uploads\/2011\/05\/toscano_extravecchio.jpg\" alt=\"\" width=\"126\" height=\"249\" \/><\/a><\/td>\n<td>\n<h3><strong>SIGARO: EXTRA VECCHIO (uscito in commercio nel 1953)<\/strong><\/h3>\n<p>TIRAGGIO: CORRETTO<\/p>\n<p>COMBUSTIONE: BUONA<\/p>\n<p>CENERE: GRIGIO SCURA<\/p>\n<p>SAPORE: UNIFORME<\/p>\n<p>AROMA: INTENSO<\/p>\n<p>FORZA: PRONUNCIATO RESISTENTE<\/p>\n<p>PERSISTENZA: MOLTO PERSISTENTE<\/p>\n<p>NOTE: Anello di combustione non sempre uniforme, cenere farinosa, il primo sigaro della gamma con fascia di provenienza italiana. La sua composizione, gli conferisce un gusto molto intenso non spigoloso, particolare; la sua fermentazione e maturazione, conferiscono al sigaro corpo e persistenza. Ha un rapporto qualit\u00e0 prezzo favoloso, peccato che man mano che scendiamo di prezzo diminuiscano i diametri del sigaro. Saremmo curiosi di provare un giorno un toscano arrotolato a mano con fascia di provenienza italiana.<\/td>\n<\/tr>\n<tr>\n<td><a href=\"http:\/\/www.maledettotoscano.com\/wp-content\/uploads\/2011\/05\/toscani.jpg\"><img decoding=\"async\" loading=\"lazy\" class=\"aligncenter wp-image-193 \" title=\"toscani\" src=\"http:\/\/www.maledettotoscano.com\/wp-content\/uploads\/2011\/05\/toscani.jpg\" alt=\"\" width=\"129\" height=\"251\" \/><\/a><\/td>\n<td>\n<h3><strong>SIGARO: TOSCANI (uscito in commercio nel 1930)<\/strong><\/h3>\n<p>TIRAGGIO: ABBASTANZA CORRETTO<\/p>\n<p>COMBUSTIONE: IRREGOLARE<\/p>\n<p>CENERE: GRIGIO SCURA<\/p>\n<p>SAPORE: TABACCO MATURO<\/p>\n<p>AROMA: INTENSO<\/p>\n<p>FORZA: PRONUNCIATO<\/p>\n<p>PERSISTENZA: PERSISTENTE<\/p>\n<p>NOTE: Anello di combustione spesso irregolare, ha un aroma intenso con impatto deciso dai sapori di essenze di legno secco. Sigaro tutto italiano. Un prodotto del genere meriterebbe pi\u00f9 cure e attenzioni. Spesso si trovano fasce brunite con riflessi oro fantastiche con delle nervature accentuate. Trinciato del ripieno avvolte difforme.<\/td>\n<\/tr>\n<tr>\n<td><a href=\"http:\/\/www.maledettotoscano.com\/wp-content\/uploads\/2011\/05\/garibaldi.jpg\"><img decoding=\"async\" loading=\"lazy\" class=\"aligncenter wp-image-196 size-full\" title=\"garibaldi\" src=\"http:\/\/www.maledettotoscano.com\/wp-content\/uploads\/2011\/05\/garibaldi.jpg\" alt=\"\" width=\"100\" height=\"221\" \/><\/a><\/td>\n<td>\n<h3><strong>SIGARO: GARIBALDI (uscito in commercio nel 1982)<\/strong><\/h3>\n<p>TIRAGGIO: CORRETTO<\/p>\n<p>COMBUSTIONE: BUONO<\/p>\n<p>CENERE: GRIGIO SCURA<\/p>\n<p>SAPORE: AROMATICO<\/p>\n<p>AROMA: PIACEVOLE<\/p>\n<p>FORZA: ROTONDA<\/p>\n<p>PERSISTENZA: ABBASTANZA PERSISTENTE<\/p>\n<p>NOTE: Anello di combustione abbastanza regolare, fascia italiana con trinciati &#8220;sanniti&#8221;. Un toscano originalissimo &#8220;mitigato&#8221;dai sapori morbidi. Un sigaro per tutte le ore. La sua composizione si deve, come leggenda recita, allo scrittore recentemente scomparso Mario Soldati. In assoluto \u00e8 il sigaro del passaggio del fumatore dalla sigaretta al sigaro, facile da fumare.<\/td>\n<\/tr>\n<tr>\n<td>\u00a0<a href=\"http:\/\/www.maledettotoscano.com\/wp-content\/uploads\/2011\/05\/n10.png\"><img decoding=\"async\" loading=\"lazy\" class=\"aligncenter wp-image-391 size-medium\" title=\"n10\" src=\"http:\/\/www.maledettotoscano.com\/wp-content\/uploads\/2011\/05\/n10-143x300.png\" alt=\"\" width=\"143\" height=\"300\" srcset=\"http:\/\/www.maledettotoscano.com\/wp-content\/uploads\/2011\/05\/n10-143x300.png 143w, http:\/\/www.maledettotoscano.com\/wp-content\/uploads\/2011\/05\/n10.png 249w\" sizes=\"(max-width: 143px) 100vw, 143px\" \/><\/a><\/td>\n<td>\n<h2><strong>TOSCANO CLASSICO N. 10 SIGARI<\/strong><\/h2>\n<p>Prezzo per pack: 10,00 \u20ac<\/p>\n<p>Confezione: 10 pezzi<\/p>\n<p>Stecca: 5 confezioni<\/p>\n<p>Prezzo per stecca: 50,00 \u20ac<\/p>\n<p><strong>Perch\u00e9 questo nuovo prodotto?<\/strong><\/p>\n<p>Il sigaro TOSCANO Classico venne presentato per la prima volta al pubblico nel 1930 e il suo gradimento si afferm\u00f2 rapidamente grazie al suo carattere particolare e piacevole.<\/p>\n<p><strong>Obiettivo:\u00a0<\/strong><\/p>\n<p>Farlo conoscere a nuovi consumatori.<\/p>\n<p>Rafforzare la linea dei sigari lunghi tradizionali.<\/p>\n<p>Proporre i sigari ad un prezzo pi\u00f9 economico 1sigaro = 1 euro.<\/p>\n<p>Connotare il TOSCANO Classico come sigaro TRADIZIONALE.<\/p>\n<p><strong>Le caratteristiche del nuovo prodotto:<\/strong><\/p>\n<p>Pack da collezione\u00a0 \u201cche stimola la collezione\u201d e che ricalca quello di un tempo!<\/p>\n<p>Sigari ad un prezzo pi\u00f9 economico.<\/p>\n<p>Una\u00a0 idea regalo accessibile a tutti.<\/td>\n<\/tr>\n<tr>\n<td><a href=\"http:\/\/www.maledettotoscano.com\/wp-content\/uploads\/2011\/05\/toscanello.jpg\"><img decoding=\"async\" loading=\"lazy\" class=\"size-medium wp-image-399 aligncenter\" src=\"http:\/\/www.maledettotoscano.com\/wp-content\/uploads\/2011\/05\/toscanello-227x300.jpg\" alt=\"\" width=\"227\" height=\"300\" srcset=\"http:\/\/www.maledettotoscano.com\/wp-content\/uploads\/2011\/05\/toscanello-227x300.jpg 227w, http:\/\/www.maledettotoscano.com\/wp-content\/uploads\/2011\/05\/toscanello.jpg 341w\" sizes=\"(max-width: 227px) 100vw, 227px\" \/><\/a><\/td>\n<td><strong>TOSCANELLO AROMA MOKHA edizione limitata<\/strong><\/p>\n<p><strong>\u00a0<\/strong><\/p>\n<p><strong>TOSCANELLO AROMA CAFFE\u2019 MOCKA <\/strong><\/p>\n<p>Prezzo per pack: 4,30 \u20ac<\/p>\n<p>Confezione: 5 pezzi<\/p>\n<p>Stecca: 10 confezioni<\/p>\n<p>In vendita dal: 1 sett. Giugno 2011<\/p>\n<p><strong>Perch\u00e9 questo nuovo prodotto?<\/strong><\/p>\n<p>Si \u00e8 deciso di modificare la confezione del prodotto cercando di migliorarne l\u2019immagine, conferendogli un carattere sempre pi\u00f9 premium. Un pack che rimanda quello di un tempo (contenente 10 sigari), in latta e disegnato da Giugiaro. Un ritorno al passato che ancor pi\u00f9 lo inserisce al meglio nel contesto della linea vintage.<\/p>\n<p><strong>Obiettivo:\u00a0<\/strong><\/p>\n<p>Migliorare immagine Antica Riserva rendendolo sempre pi\u00f9 Premium.<\/p>\n<p><strong>Le caratteristiche del nuovo prodotto:<\/strong><\/p>\n<p>Una riserva per veri intenditori.<\/p>\n<p>La grafica ricorda il pack di quando \u00e8 stato presentato la prima volta nel 1994\u2013 un ritorno al passato<\/p>\n<p>Si \u00e8 raddoppiata la quantit\u00e0 di acquisto per poter garantire lo stesso prezzo del precedente.<\/p>\n<p>Un arricchimento della collezione vintage.<\/p>\n<p>Una\u00a0 idea regalo accessibile a tutti.<\/p>\n<p><strong>\u00a0<\/strong><\/td>\n<\/tr>\n<tr>\n<td><a href=\"http:\/\/www.maledettotoscano.com\/wp-content\/uploads\/2011\/05\/8sigari.png\"><img decoding=\"async\" loading=\"lazy\" class=\"alignnone wp-image-400 size-full\" title=\"8sigari\" src=\"http:\/\/www.maledettotoscano.com\/wp-content\/uploads\/2011\/05\/8sigari.png\" alt=\"\" width=\"248\" height=\"290\" \/><\/a><\/td>\n<td><strong>ANTICA RISERVA 8 SIGARI<\/strong><br \/>\nPrezzo per pack: 20,00 \u20acConfezione:\u00a0 \u00a0 \u00a0 \u00a0 \u00a0 \u00a0 \u00a0 \u00a0 \u00a0 \u00a0 \u00a0 \u00a0 \u00a0 \u00a0 8 pezzi<\/p>\n<p>Stecca: \u00a0 \u00a0 \u00a0 \u00a0 \u00a0 \u00a0 \u00a0 \u00a0 \u00a0 \u00a0 \u00a0 \u00a0 \u00a0 \u00a0 \u00a0 5 confezioni<\/p>\n<p>Peso stecca: \u00a0 \u00a0 \u00a0 \u00a0 \u00a0 \u00a0 \u00a0 \u00a0 \u00a0 \u00a0 \u00a0 \u00a0 \u00a0 gr.0,200<\/p>\n<p>Prezzo per stecca: 100 \u20ac<\/p>\n<p>Vendita: dal luglio 2011 solo nelle tabaccherie del Nord \u2013 da fine settembre anche al Sud<\/p>\n<p><strong>Sostituir\u00e0 Toscano Antica Riserva 4pezzi <\/strong><\/p>\n<p><strong>Perch\u00e9 questo nuovo prodotto?<\/strong><\/p>\n<p>Si \u00e8 deciso di modificare la confezione del prodotto cercando di migliorarne l\u2019immagine, conferendogli un carattere sempre pi\u00f9 premium. Un pack che rimanda quello di un tempo (contenente 10 sigari), in latta e disegnato da Giugiaro. Un ritorno al passato che ancor pi\u00f9 lo inserisce al meglio nel contesto della linea vintage.<\/p>\n<p><strong>Obiettivo:\u00a0<\/strong><\/p>\n<p>Migliorare immagine Antica Riserva rendendolo sempre pi\u00f9 Premium.<\/p>\n<p><strong>Le caratteristiche del nuovo prodotto:<\/strong><\/p>\n<p>Una riserva per veri intenditori.<\/p>\n<p>La grafica ricorda il pack di quando \u00e8 stato presentato la prima volta nel 1994\u2013 un ritorno al passato<\/p>\n<p>Si \u00e8 raddoppiata la quantit\u00e0 di acquisto per poter garantire lo stesso prezzo del precedente.<\/p>\n<p>Un arricchimento della collezione vintage.<\/p>\n<p>Una\u00a0 idea regalo accessibile a tutti.<\/p>\n<p><strong>\u00a0<\/strong><\/td>\n<\/tr>\n<tr>\n<td><\/td>\n<td><\/td>\n<\/tr>\n<tr>\n<td><\/td>\n<td><\/td>\n<\/tr>\n<tr>\n<td><\/td>\n<td><\/td>\n<\/tr>\n<tr>\n<td><\/td>\n<td><\/td>\n<\/tr>\n<\/tbody>\n<\/table>\n","protected":false},"excerpt":{"rendered":"<p>SIGARO: MORO (uscito in commercio nel 2000) TIRAGGIO: CORRETTO COMBUSTIONE: UNIFORME CENERE: GRIGIO PERLA SAPORE: ECCELLENTE AROMA: RICCO FORZA: INTENSA&hellip;<\/p>\n","protected":false},"author":1,"featured_media":0,"parent":0,"menu_order":4,"comment_status":"open","ping_status":"closed","template":"","meta":[],"_links":{"self":[{"href":"http:\/\/www.maledettotoscano.com\/index.php?rest_route=\/wp\/v2\/pages\/38"}],"collection":[{"href":"http:\/\/www.maledettotoscano.com\/index.php?rest_route=\/wp\/v2\/pages"}],"about":[{"href":"http:\/\/www.maledettotoscano.com\/index.php?rest_route=\/wp\/v2\/types\/page"}],"author":[{"embeddable":true,"href":"http:\/\/www.maledettotoscano.com\/index.php?rest_route=\/wp\/v2\/users\/1"}],"replies":[{"embeddable":true,"href":"http:\/\/www.maledettotoscano.com\/index.php?rest_route=%2Fwp%2Fv2%2Fcomments&post=38"}],"version-history":[{"count":2,"href":"http:\/\/www.maledettotoscano.com\/index.php?rest_route=\/wp\/v2\/pages\/38\/revisions"}],"predecessor-version":[{"id":1740,"href":"http:\/\/www.maledettotoscano.com\/index.php?rest_route=\/wp\/v2\/pages\/38\/revisions\/1740"}],"wp:attachment":[{"href":"http:\/\/www.maledettotoscano.com\/index.php?rest_route=%2Fwp%2Fv2%2Fmedia&parent=38"}],"curies":[{"name":"wp","href":"https:\/\/api.w.org\/{rel}","templated":true}]}}